{"id":64,"date":"2015-02-18T19:11:28","date_gmt":"2015-02-18T19:11:28","guid":{"rendered":"http:\/\/s554457074.online.de\/?page_id=64"},"modified":"2023-08-28T13:27:40","modified_gmt":"2023-08-28T13:27:40","slug":"impressum","status":"publish","type":"page","link":"https:\/\/ringlihof.de\/?page_id=64","title":{"rendered":"Impressum"},"content":{"rendered":"<table border=\"0\" width=\"580\" cellspacing=\"2\" cellpadding=\"0\" align=\"center\">\n<tbody>\n<tr>\n<td width=\"233\"><span style=\"font-family: 'Times New Roman', Times, serif; font-size: x-large;\"><b><i>R<\/i><\/b><\/span><b>inglihof<\/b><br \/>\n<b>Johannes Rees <\/b><br \/>\nKatzentalweg 1<br \/>\n79289 Horben<\/td>\n<td valign=\"top\" width=\"57\">Telefon:<br \/>\nTelefax:<br \/>\nEmail:<\/td>\n<td valign=\"top\" width=\"282\">0761 \/ 2 95 83<br \/>\n0761 \/ 2 90 71 90<br \/>\n<a href=\"mailto:Info@Ringlihof.de\">Info@Ringlihof.de<\/a><br \/>\nDE-006-\u00d6KO-Kontrollstelle<\/td>\n<\/tr>\n<tr>\n<td colspan=\"3\"><\/td>\n<\/tr>\n<tr>\n<td colspan=\"3\">Trotz sorgf\u00e4ltiger Pr\u00fcfung \u00fcbernehmen wir keine Haftung f\u00fcr die Richtigkeit der Ver\u00f6ffentlichungen.<br \/>\nWir sind nicht verantwortlich f\u00fcr Seiten, auf die durch Hyperlinks verwiesen wird.<br \/>\nKein Teil dieser Publikation darf ohne schriftliche Genehmigung von uns in irgendeiner Form reproduziert und unter Verwendung elektronischer Systeme verarbeitet, vervielf\u00e4ltigt oder verbreitet werden.<\/p>\n<p>2. Verarbeitung personenbezogener Daten im Rahmen des Betriebs dieser Seite<\/p>\n<p>Personenbezogene Daten der Nutzer dieser Internetseite werden verarbeitet, soweit dies zum Zweck des Betriebs einer funktionsf\u00e4higen Internetseite erforderlich ist. Hierf\u00fcr werden automatisiert folgende Daten von dem diese Seite aufrufenden Rechner erhoben:<br \/>\n\u2013 die IP-Adresse des Rechners, mit dem, mit dem diese Internetseite aufgerufen wird;<br \/>\n\u2013 der Typ der eingesetzten Browser-Software;<br \/>\n\u2013 die zuvor aufgerufene Internetseite;<br \/>\n\u2013 die Konfiguration des diese Seite aufrufenden Rechners;<br \/>\n\u2013 Datum und Uhrzeit.<br \/>\nDie IP-Adresse wird nur solange gespeichert, wie dies zur Erbringung ordnungsgem\u00e4\u00dfer Dienste erforderlich ist, insbesondere zur Erkennung und Abwehr einer nicht ordnungsgem\u00e4\u00dfen Nutzung. Sp\u00e4testens nach sieben Tagen wird die IP-Adresse des diese Seite aufrufenden Rechners anonymisiert.<\/p>\n<p>Rechtsgrundlage dieser Verarbeitung personenbezogener Daten ist Art. 6 Abs. 1 Satz 1 lit. f) der Verordnung (EU) 2016\/679 (Datenschutzgrundverordnung \u2013 DSGVO). Das berechtigte Interesse an der Datenverarbeitung liegt im ordnungsgem\u00e4\u00dfen Betrieb dieser Internetseite.<\/p>\n<p>3. Kategorien von Empf\u00e4ngern personenbezogener Daten<\/p>\n<p>Die im Rahmen der unter 2. beschriebenen Vorg\u00e4nge erhobenen Daten werden bei einem Auftragsdatenverarbeiter im Inland verarbeitet. Dieser erbringt Dienste zum technischen Betrieb und zur Wartung dieser Internetseite.<\/p>\n<p>4. Rechte der Betroffenen<\/p>\n<p>Personen, deren Daten im Rahmen der unter 2. beschriebenen Vorg\u00e4nge erhoben werden, haben folgende Rechte:<\/p>\n<p>a) Auskunftsrecht<\/p>\n<p>Der Betroffene hat das Recht, von dem Verantwortlichen eine Best\u00e4tigung dar\u00fcber zu verlangen, ob ihn betreffende personenbezogene Daten verarbeitet werden; ist dies der Fall, so hat er ein Recht auf Auskunft \u00fcber diese personenbezogenen Daten und auf folgende Informationen:<br \/>\naa) die Verarbeitungszwecke;<br \/>\nbb) die Kategorien personenbezogener Daten, die verarbeitet werden;<br \/>\ncc) die Empf\u00e4nger oder Kategorien von Empf\u00e4ngern, gegen\u00fcber denen die personenbezogenen Daten offengelegt worden sind oder noch offengelegt werden, insbesondere bei Empf\u00e4ngern in Drittl\u00e4ndern oder bei internationalen Organisationen;<br \/>\ndd) falls m\u00f6glich die geplante Dauer, f\u00fcr die die personenbezogenen Daten gespeichert werden, oder, falls dies nicht m\u00f6glich ist, die Kriterien f\u00fcr die Festlegung dieser Dauer;<br \/>\nee) das Bestehen eines Rechts auf Berichtigung oder L\u00f6schung der ihn betreffenden personenbezogenen Daten oder auf Einschr\u00e4nkung der Verarbeitung durch den Verantwortlichen oder eines Widerspruchsrechts gegen diese Verarbeitung;<br \/>\nff) das Bestehen eines Beschwerderechts bei einer Aufsichtsbeh\u00f6rde;<br \/>\ngg) wenn die personenbezogenen Daten nicht bei dem Betroffenen erhoben werden, alle verf\u00fcgbaren Informationen \u00fcber die Herkunft der Daten;<br \/>\nDer Verantwortliche stellt eine Kopie der personenbezogenen Daten, die Gegenstand der Verarbeitung sind, zur Verf\u00fcgung.<\/p>\n<p>b) Recht auf Berichtigung<\/p>\n<p>Der Betroffene hat das Recht, von dem Verantwortlichen unverz\u00fcglich die Berichtigung ihn betreffender unrichtiger personenbezogener Daten zu verlangen. Unter Ber\u00fccksichtigung der Zwecke der Verarbeitung hat der Betroffene das Recht, die Vervollst\u00e4ndigung unvollst\u00e4ndiger personenbezogener Daten \u2014 auch mittels einer erg\u00e4nzenden Erkl\u00e4rung \u2014 zu verlangen.<\/p>\n<p>c) Recht auf L\u00f6schung<\/p>\n<p>Der Betroffene hat das Recht, von dem Verantwortlichen zu verlangen, da\u00df ihn betreffende personenbezogene Daten unverz\u00fcglich gel\u00f6scht werden, und der Verantwortliche ist verpflichtet, personenbezogene Daten unverz\u00fcglich zu l\u00f6schen, sofern einer der folgenden Gr\u00fcnde zutrifft:<br \/>\naa) Die personenbezogenen Daten sind f\u00fcr die Zwecke, f\u00fcr die sie erhoben oder auf sonstige Weise verarbeitet wurden<a href=\"http:\/\/muster-impressum.de\/vorlagen\/muster-fuer-eine-datenschutzerklaerung-gemaess-dsgvo\/\" target=\"_blank\" rel=\"noopener noreferrer\">,<\/a> nicht mehr notwendig.<br \/>\nbb) Der Betroffene widerruft seine Einwilligung, auf die sich die Verarbeitung gem\u00e4\u00df Artikel 6 Absatz 1 Buchstabe a oder Artikel 9 Absatz 2 Buchstabe a DSGVO st\u00fctzte, und es fehlt an einer anderweitigen Rechtsgrundlage f\u00fcr die Verarbeitung.<br \/>\ncc) Der Betroffene legt gem\u00e4\u00df Artikel 21 Absatz 1 DSGVO Widerspruch gegen die Verarbeitung ein und es liegen keine vorrangigen berechtigten Gr\u00fcnde f\u00fcr die Verarbeitung vor, oder der Betroffene legt gem\u00e4\u00df Artikel 21 Absatz 2 DSGVO Widerspruch gegen die Verarbeitung ein.<br \/>\ndd) Die personenbezogenen Daten wurden unrechtm\u00e4\u00dfig verarbeitet.<br \/>\nee) Die L\u00f6schung der personenbezogenen Daten ist zur Erf\u00fcllung einer rechtlichen Verpflichtung nach dem Unionsrecht oder dem Recht der Mitgliedstaaten erforderlich, dem der Verantwortliche unterliegt.<br \/>\nff) Die personenbezogenen Daten wurden in Bezug auf angebotene Dienste der Informationsgesellschaft gem\u00e4\u00df Artikel 8 Absatz 1 DSGVO erhoben.<br \/>\nHat der Verantwortliche die personenbezogenen Daten \u00f6ffentlich gemacht und ist er gem\u00e4\u00df dem vorstehenden Absatz zu deren L\u00f6schung verpflichtet, so trifft er unter Ber\u00fccksichtigung der verf\u00fcgbaren Technologie und der Implementierungskosten angemessene Ma\u00dfnahmen, auch technischer Art, um f\u00fcr die Datenverarbeitung Verantwortliche, die die personenbezogenen Daten verarbeiten, dar\u00fcber zu informieren, da\u00df ein Betroffener Person von ihnen die L\u00f6schung aller Links zu diesen personenbezogenen Daten oder von Kopien oder Replikationen dieser personenbezogenen Daten verlangt hat.<br \/>\nDie vorstehenden Abs\u00e4tze gelten nicht, soweit die Verarbeitung erforderlich ist<br \/>\naa) zur Aus\u00fcbung des Rechts auf freie Meinungs\u00e4u\u00dferung und Information;<br \/>\nbb) zur Erf\u00fcllung einer rechtlichen Verpflichtung, die die Verarbeitung nach dem Recht der Union oder der Mitgliedstaaten, dem der Verantwortliche unterliegt, erfordert, oder zur Wahrnehmung einer Aufgabe, die im \u00f6ffentlichen Interesse liegt oder in Aus\u00fcbung \u00f6ffentlicher Gewalt erfolgt, die dem Verantwortlichen \u00fcbertragen wurde;<br \/>\ncc) aus Gr\u00fcnden des \u00f6ffentlichen Interesses im Bereich der \u00f6ffentlichen Gesundheit gem\u00e4\u00df Artikel 9 Absatz 2 Buchstaben h und i sowie Artikel 9 Absatz 3 DSGVO;<br \/>\ndd) zur Geltendmachung, Aus\u00fcbung oder Verteidigung von Rechtsanspr\u00fcchen.<\/p>\n<p>d) Recht auf Einschr\u00e4nkung der Verarbeitung<\/p>\n<p>Der Betroffene hat das Recht, von dem Verantwortlichen die Einschr\u00e4nkung der Verarbeitung zu verlangen, wenn eine der folgenden Voraussetzungen gegeben ist:<br \/>\naa) die Richtigkeit der personenbezogenen Daten von dem Betroffenen bestritten wird, und zwar f\u00fcr eine Dauer, die es dem Verantwortlichen erm\u00f6glicht, die Richtigkeit der personenbezogenen Daten zu \u00fcberpr\u00fcfen,<br \/>\nbb) die Verarbeitung unrechtm\u00e4\u00dfig ist und der Betroffene die L\u00f6schung der personenbezogenen Daten ablehnt und stattdessen die Einschr\u00e4nkung der Nutzung der personenbezogenen Daten verlangt;<br \/>\ncc) der Verantwortliche die personenbezogenen Daten f\u00fcr die Zwecke der Verarbeitung nicht l\u00e4nger ben\u00f6tigt, der Betroffene sie jedoch zur Geltendmachung, Aus\u00fcbung oder Verteidigung von Rechtsanspr\u00fcchen ben\u00f6tigt, oder<br \/>\ndd) der Betroffene Widerspruch gegen die Verarbeitung gem\u00e4\u00df Artikel 21 Absatz 1 DSGVO eingelegt hat, solange noch nicht feststeht, ob die berechtigten Gr\u00fcnde des Verantwortlichen gegen\u00fcber denen des Betroffenen \u00fcberwiegen.<br \/>\nWurde die Verarbeitung hiernach eingeschr\u00e4nkt, so d\u00fcrfen diese personenbezogenen Daten \u2014 von ihrer Speicherung abgesehen \u2014 nur mit Einwilligung des Betroffenen oder zur Geltendmachung, Aus\u00fcbung oder Verteidigung von Rechtsanspr\u00fcchen oder zum Schutz der Rechte einer anderen nat\u00fcrlichen oder juristischen Person oder aus Gr\u00fcnden eines wichtigen \u00f6ffentlichen Interesses der Union oder eines Mitgliedstaats verarbeitet werden.<br \/>\nEin Betroffener, der eine Einschr\u00e4nkung der Verarbeitung hiernach erwirkt hat, wird von dem Verantwortlichen unterrichtet, bevor die Einschr\u00e4nkung aufgehoben wird.<\/p>\n<p>e) Widerspruchsrecht gegen die Verarbeitung<\/p>\n<p>Der Betroffene hat das Recht, aus Gr\u00fcnden, die sich aus seiner besonderen Situation ergeben, jederzeit gegen die Verarbeitung ihn betreffender personenbezogener Daten, die aufgrund von Artikel 6 Absatz 1 Buchstaben e oder f DSGVO erfolgt, Widerspruch einzulegen; Der Verantwortliche verarbeitet die personenbezogenen Daten nicht mehr, es sei denn, er kann zwingende schutzw\u00fcrdige Gr\u00fcnde f\u00fcr die Verarbeitung nachweisen, die die Interessen, Rechte und Freiheiten der betroffenen Person \u00fcberwiegen, oder die Verarbeitung dient der Geltendmachung, Aus\u00fcbung oder Verteidigung von Rechtsanspr\u00fcchen.<\/p>\n<p>f) Recht auf Daten\u00fcbertragbarkeit<\/p>\n<p>Der Betroffene hat das Recht, die ihn betreffenden personenbezogenen Daten, die er einem Verantwortlichen bereitgestellt hat, in einem strukturierten, g\u00e4ngigen und maschinenlesbaren Format zu erhalten, und er hat das Recht, diese Daten einem anderen Verantwortlichen ohne Behinderung durch den Verantwortlichen, dem die personenbezogenen Daten bereitgestellt wurden, zu \u00fcbermitteln, sofern<br \/>\naa) die Verarbeitung auf einer Einwilligung gem\u00e4\u00df Artikel 6 Absatz 1 Buchstabe a oder Artikel 9 Absatz 2 Buchstabe a DSGVO oder auf einem Vertrag gem\u00e4\u00df Artikel 6 Absatz 1 Buchstabe b DSGVO beruht und<br \/>\nbb) die Verarbeitung mit Hilfe automatisierter Verfahren erfolgt.<br \/>\nBei der Aus\u00fcbung seines Rechts auf Daten\u00fcbertragbarkeit hat der Betroffene das Recht, zu erwirken, da\u00df die personenbezogenen Daten direkt von einem Verantwortlichen einem anderen Verantwortlichen \u00fcbermittelt werden, soweit dies technisch machbar ist.<br \/>\nDie Aus\u00fcbung des Rechts l\u00e4\u00dft Artikel 17 DSGVO unber\u00fchrt. Dieses Recht gilt nicht f\u00fcr eine Verarbeitung, die f\u00fcr die Wahrnehmung einer Aufgabe erforderlich ist, die im \u00f6ffentlichen Interesse liegt oder in Aus\u00fcbung \u00f6ffentlicher Gewalt erfolgt, die dem Verantwortlichen \u00fcbertragen wurde.<\/p>\n<p>g) Recht auf Einschr\u00e4nkung der Verarbeitung<\/p>\n<p>Der Betroffene hat das Recht zur Beschwerde bei einer zust\u00e4ndigen Aufsichtsbeh\u00f6rde.<\/p>\n<p>5. Weitere Angaben<\/p>\n<p>Die Bereitstellung der personenbezogenen Daten ist gesetzlich oder vertraglich nicht vorgeschrieben. Ein Vertragsschlu\u00df ist nicht erforderlich. Es besteht keine Pflicht, personenbezogene Daten bereitzustellen. Werden personenbezogene Daten nicht im unter 2. beschriebenen Rahmen zur Verf\u00fcgung gestellt, ist eine Nutzung dieser Internetseite nicht m\u00f6glich.<br \/>\nEine automatisierte Entscheidungsfindung und sogenanntes Profiling finden nicht statt.<\/p>\n<p>Zu unserer Datenschutzerkl\u00e4rung kommen Sie hier:<\/p>\n<p><a href=\"https:\/\/ringlihof.de\/?page_id=1006\">Datenschutzerkl\u00e4rung<\/a><\/td>\n<\/tr>\n<\/tbody>\n<\/table>\n","protected":false},"excerpt":{"rendered":"<p>Ringlihof Johannes Rees Katzentalweg 1 79289 Horben Telefon: Telefax: Email: 0761 \/ 2 95 83 0761 \/ 2 90 71 90 Info@Ringlihof.de DE-006-\u00d6KO-Kontrollstelle Trotz sorgf\u00e4ltiger Pr\u00fcfung \u00fcbernehmen wir keine Haftung f\u00fcr die Richtigkeit der Ver\u00f6ffentlichungen. Wir sind nicht verantwortlich f\u00fcr Seiten, auf die durch Hyperlinks verwiesen wird. Kein Teil dieser Publikation darf ohne schriftliche Genehmigung&#8230;<\/p>\n","protected":false},"author":1,"featured_media":0,"parent":0,"menu_order":0,"comment_status":"closed","ping_status":"closed","template":"","meta":[],"_links":{"self":[{"href":"https:\/\/ringlihof.de\/index.php?rest_route=\/wp\/v2\/pages\/64"}],"collection":[{"href":"https:\/\/ringlihof.de\/index.php?rest_route=\/wp\/v2\/pages"}],"about":[{"href":"https:\/\/ringlihof.de\/index.php?rest_route=\/wp\/v2\/types\/page"}],"author":[{"embeddable":true,"href":"https:\/\/ringlihof.de\/index.php?rest_route=\/wp\/v2\/users\/1"}],"replies":[{"embeddable":true,"href":"https:\/\/ringlihof.de\/index.php?rest_route=%2Fwp%2Fv2%2Fcomments&post=64"}],"version-history":[{"count":6,"href":"https:\/\/ringlihof.de\/index.php?rest_route=\/wp\/v2\/pages\/64\/revisions"}],"predecessor-version":[{"id":1077,"href":"https:\/\/ringlihof.de\/index.php?rest_route=\/wp\/v2\/pages\/64\/revisions\/1077"}],"wp:attachment":[{"href":"https:\/\/ringlihof.de\/index.php?rest_route=%2Fwp%2Fv2%2Fmedia&parent=64"}],"curies":[{"name":"wp","href":"https:\/\/api.w.org\/{rel}","templated":true}]}}